{"id":66,"date":"2023-01-17T19:05:45","date_gmt":"2023-01-17T19:05:45","guid":{"rendered":"http:\/\/revu.co.hu\/?page_id=66"},"modified":"2025-05-02T19:57:46","modified_gmt":"2025-05-02T19:57:46","slug":"about-us","status":"publish","type":"page","link":"https:\/\/revu.co.hu\/?page_id=66","title":{"rendered":""},"content":{"rendered":"\t\t<div data-elementor-type=\"wp-page\" data-elementor-id=\"66\" class=\"elementor elementor-66\">\n\t\t\t\t\t\t\t\t\t<section class=\"elementor-section elementor-top-section elementor-element elementor-element-4a6678be elementor-section-full_width elementor-section-height-min-height elementor-section-items-stretch elementor-section-content-middle elementor-reverse-tablet elementor-reverse-mobile elementor-section-height-default\" data-id=\"4a6678be\" data-element_type=\"section\">\n\t\t\t\t\t\t<div class=\"elementor-container elementor-column-gap-no\">\n\t\t\t\t\t<div class=\"elementor-column elementor-col-50 elementor-top-column elementor-element elementor-element-6beb7cdf\" data-id=\"6beb7cdf\" data-element_type=\"column\">\n\t\t\t<div class=\"elementor-widget-wrap elementor-element-populated\">\n\t\t\t\t\t\t\t\t<section class=\"elementor-section elementor-inner-section elementor-element elementor-element-3623ef3f elementor-section-full_width elementor-section-height-default elementor-section-height-default\" data-id=\"3623ef3f\" data-element_type=\"section\">\n\t\t\t\t\t\t<div class=\"elementor-container elementor-column-gap-no\">\n\t\t\t\t\t<div class=\"elementor-column elementor-col-100 elementor-inner-column elementor-element elementor-element-4f13988f\" data-id=\"4f13988f\" data-element_type=\"column\">\n\t\t\t<div class=\"elementor-widget-wrap elementor-element-populated\">\n\t\t\t\t\t\t\t\t<div class=\"elementor-element elementor-element-2e662b40 elementor-widget elementor-widget-heading\" data-id=\"2e662b40\" data-element_type=\"widget\" data-widget_type=\"heading.default\">\n\t\t\t\t<div class=\"elementor-widget-container\">\n\t\t\t<style>\/*! elementor - v3.9.2 - 28-12-2022 *\/\n.elementor-heading-title{padding:0;margin:0;line-height:1}.elementor-widget-heading .elementor-heading-title[class*=elementor-size-]>a{color:inherit;font-size:inherit;line-height:inherit}.elementor-widget-heading .elementor-heading-title.elementor-size-small{font-size:15px}.elementor-widget-heading .elementor-heading-title.elementor-size-medium{font-size:19px}.elementor-widget-heading .elementor-heading-title.elementor-size-large{font-size:29px}.elementor-widget-heading .elementor-heading-title.elementor-size-xl{font-size:39px}.elementor-widget-heading .elementor-heading-title.elementor-size-xxl{font-size:59px}<\/style><h1 class=\"elementor-heading-title elementor-size-default\">Az apr\u00f3bb t\u00e1rgyakt\u00f3l az \u00e9p\u00fcletig \u00e9s azon t\u00fal.\n<\/h1>\t\t<\/div>\n\t\t\t\t<\/div>\n\t\t\t\t<div class=\"elementor-element elementor-element-6ad43c94 elementor-widget__width-initial elementor-invisible elementor-widget elementor-widget-text-editor\" data-id=\"6ad43c94\" data-element_type=\"widget\" data-settings=\"{&quot;_animation&quot;:&quot;fadeInDown&quot;}\" data-widget_type=\"text-editor.default\">\n\t\t\t\t<div class=\"elementor-widget-container\">\n\t\t\t<style>\/*! elementor - v3.9.2 - 28-12-2022 *\/\n.elementor-widget-text-editor.elementor-drop-cap-view-stacked .elementor-drop-cap{background-color:#818a91;color:#fff}.elementor-widget-text-editor.elementor-drop-cap-view-framed .elementor-drop-cap{color:#818a91;border:3px solid;background-color:transparent}.elementor-widget-text-editor:not(.elementor-drop-cap-view-default) .elementor-drop-cap{margin-top:8px}.elementor-widget-text-editor:not(.elementor-drop-cap-view-default) .elementor-drop-cap-letter{width:1em;height:1em}.elementor-widget-text-editor .elementor-drop-cap{float:left;text-align:center;line-height:1;font-size:50px}.elementor-widget-text-editor .elementor-drop-cap-letter{display:inline-block}<\/style>\t\t\t\t<p>From tiny objects and ornaments to complex buildings and beyond.<\/p>\t\t\t\t\t\t<\/div>\n\t\t\t\t<\/div>\n\t\t\t\t\t<\/div>\n\t\t<\/div>\n\t\t\t\t\t\t\t<\/div>\n\t\t<\/section>\n\t\t\t\t<div class=\"elementor-element elementor-element-192ef982 elementor-invisible elementor-widget elementor-widget-heading\" data-id=\"192ef982\" data-element_type=\"widget\" data-settings=\"{&quot;_animation&quot;:&quot;fadeInUp&quot;}\" data-widget_type=\"heading.default\">\n\t\t\t\t<div class=\"elementor-widget-container\">\n\t\t\t<span class=\"elementor-heading-title elementor-size-default\">studio<\/span>\t\t<\/div>\n\t\t\t\t<\/div>\n\t\t\t\t\t<\/div>\n\t\t<\/div>\n\t\t\t\t<div class=\"elementor-column elementor-col-50 elementor-top-column elementor-element elementor-element-19f08bc0\" data-id=\"19f08bc0\" data-element_type=\"column\" data-settings=\"{&quot;background_background&quot;:&quot;classic&quot;}\">\n\t\t\t<div class=\"elementor-widget-wrap elementor-element-populated\">\n\t\t\t\t\t\t\t\t<div class=\"elementor-element elementor-element-6880f1b7 elementor-widget elementor-widget-spacer\" data-id=\"6880f1b7\" data-element_type=\"widget\" data-widget_type=\"spacer.default\">\n\t\t\t\t<div class=\"elementor-widget-container\">\n\t\t\t<style>\/*! elementor - v3.9.2 - 28-12-2022 *\/\n.elementor-column .elementor-spacer-inner{height:var(--spacer-size)}.e-con{--container-widget-width:100%}.e-con-inner>.elementor-widget-spacer,.e-con>.elementor-widget-spacer{width:var(--container-widget-width,var(--spacer-size));--align-self:var(--container-widget-align-self,initial);--flex-shrink:0}.e-con-inner>.elementor-widget-spacer>.elementor-widget-container,.e-con-inner>.elementor-widget-spacer>.elementor-widget-container>.elementor-spacer,.e-con>.elementor-widget-spacer>.elementor-widget-container,.e-con>.elementor-widget-spacer>.elementor-widget-container>.elementor-spacer{height:100%}.e-con-inner>.elementor-widget-spacer>.elementor-widget-container>.elementor-spacer>.elementor-spacer-inner,.e-con>.elementor-widget-spacer>.elementor-widget-container>.elementor-spacer>.elementor-spacer-inner{height:var(--container-widget-height,var(--spacer-size))}<\/style>\t\t<div class=\"elementor-spacer\">\n\t\t\t<div class=\"elementor-spacer-inner\"><\/div>\n\t\t<\/div>\n\t\t\t\t<\/div>\n\t\t\t\t<\/div>\n\t\t\t\t\t<\/div>\n\t\t<\/div>\n\t\t\t\t\t\t\t<\/div>\n\t\t<\/section>\n\t\t\t\t<section class=\"elementor-section elementor-top-section elementor-element elementor-element-7b0bb22b elementor-section-full_width elementor-section-height-min-height elementor-section-items-stretch elementor-section-content-middle elementor-section-height-default\" data-id=\"7b0bb22b\" data-element_type=\"section\">\n\t\t\t\t\t\t<div class=\"elementor-container elementor-column-gap-no\">\n\t\t\t\t\t<div class=\"elementor-column elementor-col-50 elementor-top-column elementor-element elementor-element-1a69f773\" data-id=\"1a69f773\" data-element_type=\"column\" data-settings=\"{&quot;background_background&quot;:&quot;classic&quot;}\">\n\t\t\t<div class=\"elementor-widget-wrap\">\n\t\t\t\t\t\t\t\t\t<\/div>\n\t\t<\/div>\n\t\t\t\t<div class=\"elementor-column elementor-col-50 elementor-top-column elementor-element elementor-element-52442402\" data-id=\"52442402\" data-element_type=\"column\">\n\t\t\t<div class=\"elementor-widget-wrap elementor-element-populated\">\n\t\t\t\t\t\t\t\t<div class=\"elementor-element elementor-element-1c5f4276 elementor-widget elementor-widget-heading\" data-id=\"1c5f4276\" data-element_type=\"widget\" data-widget_type=\"heading.default\">\n\t\t\t\t<div class=\"elementor-widget-container\">\n\t\t\t<h2 class=\"elementor-heading-title elementor-size-default\">Az igaz\u00e1n kreat\u00edv design a t\u00e9rbeli hat\u00e1rok tervez\u00e9s\u00e9n is t\u00falmutat.<\/h2>\t\t<\/div>\n\t\t\t\t<\/div>\n\t\t\t\t<div class=\"elementor-element elementor-element-e5dafcf elementor-widget elementor-widget-heading\" data-id=\"e5dafcf\" data-element_type=\"widget\" data-widget_type=\"heading.default\">\n\t\t\t\t<div class=\"elementor-widget-container\">\n\t\t\t<h2 class=\"elementor-heading-title elementor-size-default\">Regina Balla<\/h2>\t\t<\/div>\n\t\t\t\t<\/div>\n\t\t\t\t<div class=\"elementor-element elementor-element-5d1301a1 elementor-widget elementor-widget-text-editor\" data-id=\"5d1301a1\" data-element_type=\"widget\" data-widget_type=\"text-editor.default\">\n\t\t\t\t<div class=\"elementor-widget-container\">\n\t\t\t\t\t\t\t<p>2016-ban v\u00e9geztem a Budapesti M\u0171szaki \u00e9s Gazdas\u00e1gtudom\u00e1nyi Egyetemen, melyet k\u00f6vet\u0151en doktori fokozatot is szereztem v\u00e1roskutat\u00e1si ter\u00fcleten. <span style=\"font-style: inherit; font-weight: inherit; color: var( --e-global-color-text ); font-family: var( --e-global-typography-text-font-family ), Sans-serif; letter-spacing: var( --e-global-typography-text-letter-spacing ); text-transform: var( --e-global-typography-text-text-transform );\">Az \u00e9vek sor\u00e1n szerzett \u00e9p\u00edt\u00e9sz tervez\u0151i, grafikai \u00e9s term\u00e9ktervez\u0151i tapasztalataim igazolt\u00e1k, hogy\u00a0<\/span><span style=\"color: var( --e-global-color-text ); font-family: var( --e-global-typography-text-font-family ), Sans-serif; font-size: var( --e-global-typography-text-font-size ); font-style: var( --e-global-typography-text-font-style ); font-weight: var( --e-global-typography-text-font-weight ); letter-spacing: var( --e-global-typography-text-letter-spacing ); text-transform: var( --e-global-typography-text-text-transform );\">az igaz\u00e1n j\u00f3 \u00e9letterek megalkot\u00e1sa a t\u00e9rbeli hat\u00e1rok tervez\u00e9s\u00e9n is t\u00falmutat.<\/span><span style=\"color: var( --e-global-color-text ); font-family: var( --e-global-typography-text-font-family ), Sans-serif; font-style: inherit; font-weight: inherit; letter-spacing: var( --e-global-typography-text-letter-spacing ); text-transform: var( --e-global-typography-text-text-transform );\"> Minden h\u00e1z form\u00e1lja a v\u00e1rost, minden apr\u00f3 t\u00e1rgy r\u00e9sze a bels\u0151 t\u00e9r harm\u00f3ni\u00e1j\u00e1nak \u00e9s ideje a megfoghatatlant is bevonni a t\u00e9rtervez\u00e9sbe, k\u00fcl\u00f6nb\u00f6z\u0151 \u00e9rz\u00e9kszerveinkre hatva. Mindig izgatottan v\u00e1rom, ha olyan projekten dolgozhatok, ami a k\u00fcl\u00f6nb\u00f6z\u0151 l\u00e9pt\u00e9keken \u00e9s kreat\u00edv ter\u00fcleteken \u00e1t\u00edvelnek, tervez\u0151k\u00e9nt lehet\u0151s\u00e9gem van a nagy eg\u00e9szt\u0151l az apr\u00f3 r\u00e9szletekig alkotni. A REVU egyes\u00edti mind azt a soksz\u00edn\u0171s\u00e9get, mely \u00e9n magam is vagyok, az \u00e9p\u00edt\u00e9szet hat\u00e1rait feszegetve.\u00a0<\/span><span style=\"color: var( --e-global-color-text ); font-family: var( --e-global-typography-text-font-family ), Sans-serif; font-size: var( --e-global-typography-text-font-size ); font-style: var( --e-global-typography-text-font-style ); font-weight: var( --e-global-typography-text-font-weight ); letter-spacing: var( --e-global-typography-text-letter-spacing ); text-transform: var( --e-global-typography-text-text-transform );\">Egy\u00e9ni v\u00e1llalkoz\u00f3k\u00e9nt kisebb l\u00e9pt\u00e9k\u0171 munk\u00e1kkal foglalkozom, melyet a nagyv\u00e1llalati kult\u00far\u00e1b\u00f3l hozott tapasztalataimra alapozok.\u00a0<\/span><span style=\"font-style: inherit; font-weight: inherit; color: var( --e-global-color-text ); font-family: var( --e-global-typography-text-font-family ), Sans-serif; letter-spacing: var( --e-global-typography-text-letter-spacing ); text-transform: var( --e-global-typography-text-text-transform );\">Foglalkozom kutat\u00e1si projektekkel, csal\u00e1di h\u00e1zak, lak\u00e1sok tervez\u00e9s\u00e9vel, \u00fczletek bels\u0151\u00e9p\u00edt\u00e9szet\u00e9vel \u00e9s rendszeresen grafikai munk\u00e1kat is v\u00e1llalok. Nagyobb projektek eset\u00e9ben kapcsolatrendszeremnek k\u00f6sz\u00f6nhet\u0151en m\u00e1s tervez\u0151kkel k\u00f6z\u00f6sen is v\u00e1llalok megkeres\u00e9seket. V\u00e1gyott c\u00e9lom egy kreat\u00edv platform l\u00e9trehoz\u00e1sa, mely teret ad a haszn\u00e1l\u00f3k val\u00f3s ig\u00e9nyeinek megval\u00f3s\u00edt\u00e1s\u00e1ra, <\/span><span style=\"font-size: var( --e-global-typography-text-font-size ); font-style: var( --e-global-typography-text-font-style ); font-weight: var( --e-global-typography-text-font-weight ); color: var( --e-global-color-text ); font-family: var( --e-global-typography-text-font-family ), Sans-serif; letter-spacing: var( --e-global-typography-text-letter-spacing ); text-transform: var( --e-global-typography-text-text-transform );\">k\u00fcl\u00f6nb\u00f6z\u0151 kreat\u00edv gondolkod\u00f3k megsz\u00f3l\u00edt\u00e1s\u00e1val, bevon\u00e1s\u00e1val, melyhez minden \u00fajabb projekttel k\u00f6zelebb ker\u00fcl\u00f6k.<\/span><\/p>\t\t\t\t\t\t<\/div>\n\t\t\t\t<\/div>\n\t\t\t\t\t<\/div>\n\t\t<\/div>\n\t\t\t\t\t\t\t<\/div>\n\t\t<\/section>\n\t\t\t\t<section class=\"elementor-section elementor-top-section elementor-element elementor-element-3dcac744 elementor-section-full_width elementor-section-height-min-height elementor-section-items-bottom elementor-section-height-default\" data-id=\"3dcac744\" data-element_type=\"section\" data-settings=\"{&quot;background_background&quot;:&quot;classic&quot;}\">\n\t\t\t\t\t\t<div class=\"elementor-container elementor-column-gap-no\">\n\t\t\t\t\t<div class=\"elementor-column elementor-col-100 elementor-top-column elementor-element elementor-element-f3a83bd\" data-id=\"f3a83bd\" data-element_type=\"column\">\n\t\t\t<div class=\"elementor-widget-wrap elementor-element-populated\">\n\t\t\t\t\t\t\t\t<section class=\"elementor-section elementor-inner-section elementor-element elementor-element-13e2e7b8 elementor-section-full_width elementor-section-content-top elementor-section-height-default elementor-section-height-default\" data-id=\"13e2e7b8\" data-element_type=\"section\">\n\t\t\t\t\t\t<div class=\"elementor-container elementor-column-gap-no\">\n\t\t\t\t\t<div class=\"elementor-column elementor-col-100 elementor-inner-column elementor-element elementor-element-0f514c3\" data-id=\"0f514c3\" data-element_type=\"column\">\n\t\t\t<div class=\"elementor-widget-wrap elementor-element-populated\">\n\t\t\t\t\t\t\t\t<div class=\"elementor-element elementor-element-aa3a820 elementor-widget elementor-widget-heading\" data-id=\"aa3a820\" data-element_type=\"widget\" data-widget_type=\"heading.default\">\n\t\t\t\t<div class=\"elementor-widget-container\">\n\t\t\t<span class=\"elementor-heading-title elementor-size-default\">my mission<\/span>\t\t<\/div>\n\t\t\t\t<\/div>\n\t\t\t\t\t<\/div>\n\t\t<\/div>\n\t\t\t\t\t\t\t<\/div>\n\t\t<\/section>\n\t\t\t\t<div class=\"elementor-element elementor-element-d6b5a8c elementor-widget elementor-widget-heading\" data-id=\"d6b5a8c\" data-element_type=\"widget\" data-widget_type=\"heading.default\">\n\t\t\t\t<div class=\"elementor-widget-container\">\n\t\t\t<h2 class=\"elementor-heading-title elementor-size-default\">K\u00f6z\u00f6s k\u00fcldet\u00e9s\u00fcnk<\/h2>\t\t<\/div>\n\t\t\t\t<\/div>\n\t\t\t\t<div class=\"elementor-element elementor-element-1d3ad174 elementor-position-left elementor-vertical-align-middle elementor-widget elementor-widget-image-box\" data-id=\"1d3ad174\" data-element_type=\"widget\" data-widget_type=\"image-box.default\">\n\t\t\t\t<div class=\"elementor-widget-container\">\n\t\t\t<style>\/*! elementor - v3.9.2 - 28-12-2022 *\/\n.elementor-widget-image-box .elementor-image-box-content{width:100%}@media (min-width:768px){.elementor-widget-image-box.elementor-position-left .elementor-image-box-wrapper,.elementor-widget-image-box.elementor-position-right .elementor-image-box-wrapper{display:flex}.elementor-widget-image-box.elementor-position-right .elementor-image-box-wrapper{text-align:right;flex-direction:row-reverse}.elementor-widget-image-box.elementor-position-left .elementor-image-box-wrapper{text-align:left;flex-direction:row}.elementor-widget-image-box.elementor-position-top .elementor-image-box-img{margin:auto}.elementor-widget-image-box.elementor-vertical-align-top .elementor-image-box-wrapper{align-items:flex-start}.elementor-widget-image-box.elementor-vertical-align-middle .elementor-image-box-wrapper{align-items:center}.elementor-widget-image-box.elementor-vertical-align-bottom .elementor-image-box-wrapper{align-items:flex-end}}@media (max-width:767px){.elementor-widget-image-box .elementor-image-box-img{margin-left:auto!important;margin-right:auto!important;margin-bottom:15px}}.elementor-widget-image-box .elementor-image-box-img{display:inline-block}.elementor-widget-image-box .elementor-image-box-title a{color:inherit}.elementor-widget-image-box .elementor-image-box-wrapper{text-align:center}.elementor-widget-image-box .elementor-image-box-description{margin:0}<\/style><div class=\"elementor-image-box-wrapper\"><figure class=\"elementor-image-box-img\"><img decoding=\"async\" width=\"834\" height=\"834\" src=\"https:\/\/revu.co.hu\/wp-content\/uploads\/2023\/01\/szem_Rajztabla-1-1.png\" class=\"attachment-full size-full wp-image-1584\" alt=\"\" loading=\"lazy\" srcset=\"https:\/\/revu.co.hu\/wp-content\/uploads\/2023\/01\/szem_Rajztabla-1-1.png 834w, https:\/\/revu.co.hu\/wp-content\/uploads\/2023\/01\/szem_Rajztabla-1-1-300x300.png 300w, https:\/\/revu.co.hu\/wp-content\/uploads\/2023\/01\/szem_Rajztabla-1-1-150x150.png 150w, https:\/\/revu.co.hu\/wp-content\/uploads\/2023\/01\/szem_Rajztabla-1-1-768x768.png 768w\" sizes=\"(max-width: 834px) 100vw, 834px\" \/><\/figure><div class=\"elementor-image-box-content\"><p class=\"elementor-image-box-title\">Abban hiszek, hogy a terek, sz\u00ednterek amiket alkotunk  akkor lesznek igaz\u00e1n j\u00f3k, ha az \u00fcgyfeleink \u00f6nkifejez\u00e9sek\u00e9nt val\u00f3sulnak meg. Korl\u00e1tok helyett az alkot\u00e1sban t\u00e1g\u00edtanunk kell a lehet\u0151s\u00e9gek t\u00e1rh\u00e1z\u00e1t, azokat, amelyek seg\u00edtenek megszem\u00e9lyes\u00edteni a tereket \u00e9s a benn\u00fck zajl\u00f3 esem\u00e9nyeket. <\/p><p class=\"elementor-image-box-description\">\u00d6nkifejez\u00e9s - k\u00f6z\u00f6s \u00e9rdek\u00fcnk<\/p><\/div><\/div>\t\t<\/div>\n\t\t\t\t<\/div>\n\t\t\t\t<div class=\"elementor-element elementor-element-71b0817a elementor-position-left elementor-vertical-align-middle elementor-widget elementor-widget-image-box\" data-id=\"71b0817a\" data-element_type=\"widget\" data-widget_type=\"image-box.default\">\n\t\t\t\t<div class=\"elementor-widget-container\">\n\t\t\t<div class=\"elementor-image-box-wrapper\"><figure class=\"elementor-image-box-img\"><img decoding=\"async\" width=\"834\" height=\"834\" src=\"https:\/\/revu.co.hu\/wp-content\/uploads\/2023\/01\/fold_Rajztabla-1_Rajztabla-1.png\" class=\"attachment-full size-full wp-image-1606\" alt=\"\" loading=\"lazy\" srcset=\"https:\/\/revu.co.hu\/wp-content\/uploads\/2023\/01\/fold_Rajztabla-1_Rajztabla-1.png 834w, https:\/\/revu.co.hu\/wp-content\/uploads\/2023\/01\/fold_Rajztabla-1_Rajztabla-1-300x300.png 300w, https:\/\/revu.co.hu\/wp-content\/uploads\/2023\/01\/fold_Rajztabla-1_Rajztabla-1-150x150.png 150w, https:\/\/revu.co.hu\/wp-content\/uploads\/2023\/01\/fold_Rajztabla-1_Rajztabla-1-768x768.png 768w\" sizes=\"(max-width: 834px) 100vw, 834px\" \/><\/figure><div class=\"elementor-image-box-content\"><p class=\"elementor-image-box-title\">Szolg\u00e1ltat\u00e1si ter\u00fclet\u00fcnk jelent\u0151sen hozz\u00e1j\u00e1rul F\u00f6ld\u00fcnk szennyez\u00e9s\u00e9hez, ez\u00e9rt munk\u00e1m sor\u00e1n igyekszem term\u00e9szetes, \u00fajrahasznos\u00edthat\u00f3, meg\u00fajul\u00f3 anyagokat haszn\u00e1lni, amik kev\u00e9sb\u00e9 szennyezik k\u00f6rnyezet\u00fcnket. Ebben viszont Neked is partnernek kell lenned, hiszen ez meghat\u00e1rozhatja a designt.<\/p><p class=\"elementor-image-box-description\">fenntarthat\u00f3 j\u00f6v\u0151 - tudatos Jelen <\/p><\/div><\/div>\t\t<\/div>\n\t\t\t\t<\/div>\n\t\t\t\t<div class=\"elementor-element elementor-element-dfdf9ac elementor-position-left elementor-vertical-align-middle elementor-widget elementor-widget-image-box\" data-id=\"dfdf9ac\" data-element_type=\"widget\" data-widget_type=\"image-box.default\">\n\t\t\t\t<div class=\"elementor-widget-container\">\n\t\t\t<div class=\"elementor-image-box-wrapper\"><figure class=\"elementor-image-box-img\"><img decoding=\"async\" width=\"834\" height=\"834\" src=\"https:\/\/revu.co.hu\/wp-content\/uploads\/2023\/01\/partnerek_Rajztabla-1_Rajztabla-1.png\" class=\"attachment-full size-full wp-image-1602\" alt=\"\" loading=\"lazy\" srcset=\"https:\/\/revu.co.hu\/wp-content\/uploads\/2023\/01\/partnerek_Rajztabla-1_Rajztabla-1.png 834w, https:\/\/revu.co.hu\/wp-content\/uploads\/2023\/01\/partnerek_Rajztabla-1_Rajztabla-1-300x300.png 300w, https:\/\/revu.co.hu\/wp-content\/uploads\/2023\/01\/partnerek_Rajztabla-1_Rajztabla-1-150x150.png 150w, https:\/\/revu.co.hu\/wp-content\/uploads\/2023\/01\/partnerek_Rajztabla-1_Rajztabla-1-768x768.png 768w\" sizes=\"(max-width: 834px) 100vw, 834px\" \/><\/figure><div class=\"elementor-image-box-content\"><p class=\"elementor-image-box-title\">\u00dcgyfeleimmel igyekszem hossz\u00fat\u00e1v\u00fa, k\u00f6lcs\u00f6n\u00f6sen j\u00f3 kapcsolatot kialak\u00edtani, hiszen \u00e9lettereket, ak\u00e1r egy \u00e9letre sz\u00f3l\u00f3 eml\u00e9kek helysz\u00edn\u00e9t tervezz\u00fck. A k\u00f6lcs\u00f6n\u00f6s bizalom munk\u00e1m alapja, k\u00e9rlek, hogy \u00f6r\u00f6m\u00f6d \u00e9s agg\u00e1lyaid ugyan\u00fagy oszd meg velem.<\/p><p class=\"elementor-image-box-description\">Hossz\u00fat\u00e1v\u00fa partners\u00e9g <\/p><\/div><\/div>\t\t<\/div>\n\t\t\t\t<\/div>\n\t\t\t\t<div class=\"elementor-element elementor-element-602502d9 elementor-invisible elementor-widget elementor-widget-heading\" data-id=\"602502d9\" data-element_type=\"widget\" data-settings=\"{&quot;_animation&quot;:&quot;fadeInUp&quot;}\" data-widget_type=\"heading.default\">\n\t\t\t\t<div class=\"elementor-widget-container\">\n\t\t\t<span class=\"elementor-heading-title elementor-size-default\">#revu<\/span>\t\t<\/div>\n\t\t\t\t<\/div>\n\t\t\t\t\t<\/div>\n\t\t<\/div>\n\t\t\t\t\t\t\t<\/div>\n\t\t<\/section>\n\t\t\t\t\t\t\t<\/div>\n\t\t","protected":false},"excerpt":{"rendered":"<p>Az apr\u00f3bb t\u00e1rgyakt\u00f3l az \u00e9p\u00fcletig \u00e9s azon t\u00fal. From tiny objects and ornaments to complex buildings and beyond. studio Az igaz\u00e1n kreat\u00edv design a t\u00e9rbeli hat\u00e1rok tervez\u00e9s\u00e9n is t\u00falmutat. Regina Balla 2016-ban v\u00e9geztem a Budapesti M\u0171szaki \u00e9s Gazdas\u00e1gtudom\u00e1nyi Egyetemen, melyet k\u00f6vet\u0151en doktori fokozatot is szereztem v\u00e1roskutat\u00e1si ter\u00fcleten. Az \u00e9vek sor\u00e1n szerzett \u00e9p\u00edt\u00e9sz tervez\u0151i, grafikai \u00e9s &hellip;<\/p>\n<p class=\"read-more\"> <a class=\"\" href=\"https:\/\/revu.co.hu\/?page_id=66\">  Read More &raquo;<\/a><\/p>\n","protected":false},"author":1,"featured_media":0,"parent":0,"menu_order":0,"comment_status":"closed","ping_status":"closed","template":"","meta":{"_mi_skip_tracking":false,"site-sidebar-layout":"default","site-content-layout":"default","ast-global-header-display":"","ast-main-header-display":"","ast-hfb-above-header-display":"","ast-hfb-below-header-display":"","ast-hfb-mobile-header-display":"","site-post-title":"","ast-breadcrumbs-content":"","ast-featured-img":"","footer-sml-layout":"","theme-transparent-header-meta":"","adv-header-id-meta":"","stick-header-meta":"","header-above-stick-meta":"","header-main-stick-meta":"","header-below-stick-meta":""},"_links":{"self":[{"href":"https:\/\/revu.co.hu\/index.php?rest_route=\/wp\/v2\/pages\/66"}],"collection":[{"href":"https:\/\/revu.co.hu\/index.php?rest_route=\/wp\/v2\/pages"}],"about":[{"href":"https:\/\/revu.co.hu\/index.php?rest_route=\/wp\/v2\/types\/page"}],"author":[{"embeddable":true,"href":"https:\/\/revu.co.hu\/index.php?rest_route=\/wp\/v2\/users\/1"}],"replies":[{"embeddable":true,"href":"https:\/\/revu.co.hu\/index.php?rest_route=%2Fwp%2Fv2%2Fcomments&post=66"}],"version-history":[{"count":6,"href":"https:\/\/revu.co.hu\/index.php?rest_route=\/wp\/v2\/pages\/66\/revisions"}],"predecessor-version":[{"id":2748,"href":"https:\/\/revu.co.hu\/index.php?rest_route=\/wp\/v2\/pages\/66\/revisions\/2748"}],"wp:attachment":[{"href":"https:\/\/revu.co.hu\/index.php?rest_route=%2Fwp%2Fv2%2Fmedia&parent=66"}],"curies":[{"name":"wp","href":"https:\/\/api.w.org\/{rel}","templated":true}]}}